{"id":14,"date":"2020-02-04T22:12:21","date_gmt":"2020-02-04T21:12:21","guid":{"rendered":"https:\/\/foderbord.se\/?page_id=14"},"modified":"2020-03-08T08:41:42","modified_gmt":"2020-03-08T07:41:42","slug":"produkter","status":"publish","type":"page","link":"https:\/\/www.foderbord.se\/?page_id=14","title":{"rendered":"Produkter"},"content":{"rendered":"\n<p>Vi erbjuder ett foderbord d\u00e4r hela rundbalen placeras. Djuren ska inte kunna \u00e4ta direkt fr\u00e5n balen. De ska f\u00e5 foder efterhand som de \u00e4ter upp. Det bli inget spill.<\/p>\n\n\n\n<p>Foderbordet \u00e4r 2,5 m * 2,3 m och det f\u00e5r plats ca 30-40 tackor beroende p\u00e5 storlek och hur dr\u00e4ktiga de \u00e4r. H\u00f6gdr\u00e4kiga ska ha gott om plats f\u00f6r att undvika fell\u00e4gen.<\/p>\n\n\n\n<p>Pris: 7 500 kr\/st exkl moms och frakt.<\/p>\n\n\n\n<p>Vi kommer \u00e4ven att ta fram foderbord som \u00e4r smala och d\u00e4r djuren kan \u00e4ta fr\u00e5n 1 h\u00e5ll samt 2 h\u00e5ll som passar inne i en ladug\u00e5rd. <\/p>\n\n\n\n<figure class=\"wp-block-image size-large\"><img loading=\"lazy\" decoding=\"async\" width=\"768\" height=\"1024\" src=\"https:\/\/foderbord.se\/wp-content\/uploads\/2020\/03\/DSC_0384-768x1024.jpg\" alt=\"\" class=\"wp-image-24\" srcset=\"https:\/\/www.foderbord.se\/wp-content\/uploads\/2020\/03\/DSC_0384-768x1024.jpg 768w, https:\/\/www.foderbord.se\/wp-content\/uploads\/2020\/03\/DSC_0384-225x300.jpg 225w, https:\/\/www.foderbord.se\/wp-content\/uploads\/2020\/03\/DSC_0384-1152x1536.jpg 1152w, https:\/\/www.foderbord.se\/wp-content\/uploads\/2020\/03\/DSC_0384-1536x2048.jpg 1536w, https:\/\/www.foderbord.se\/wp-content\/uploads\/2020\/03\/DSC_0384-scaled.jpg 1920w\" sizes=\"auto, (max-width: 768px) 100vw, 768px\" \/><\/figure>\n\n\n\n<figure class=\"wp-block-image size-large\"><img loading=\"lazy\" decoding=\"async\" width=\"768\" height=\"1024\" src=\"https:\/\/foderbord.se\/wp-content\/uploads\/2020\/03\/Med-rator-768x1024.jpg\" alt=\"\" class=\"wp-image-25\" srcset=\"https:\/\/www.foderbord.se\/wp-content\/uploads\/2020\/03\/Med-rator-768x1024.jpg 768w, https:\/\/www.foderbord.se\/wp-content\/uploads\/2020\/03\/Med-rator-225x300.jpg 225w, https:\/\/www.foderbord.se\/wp-content\/uploads\/2020\/03\/Med-rator-1152x1536.jpg 1152w, https:\/\/www.foderbord.se\/wp-content\/uploads\/2020\/03\/Med-rator-1536x2048.jpg 1536w, https:\/\/www.foderbord.se\/wp-content\/uploads\/2020\/03\/Med-rator-scaled.jpg 1920w\" sizes=\"auto, (max-width: 768px) 100vw, 768px\" \/><\/figure>\n\n\n\n<figure class=\"wp-block-image size-large\"><img loading=\"lazy\" decoding=\"async\" width=\"768\" height=\"1024\" src=\"https:\/\/foderbord.se\/wp-content\/uploads\/2020\/03\/DSC_0389-768x1024.jpg\" alt=\"\" class=\"wp-image-26\" srcset=\"https:\/\/www.foderbord.se\/wp-content\/uploads\/2020\/03\/DSC_0389-768x1024.jpg 768w, https:\/\/www.foderbord.se\/wp-content\/uploads\/2020\/03\/DSC_0389-225x300.jpg 225w, https:\/\/www.foderbord.se\/wp-content\/uploads\/2020\/03\/DSC_0389-1152x1536.jpg 1152w, https:\/\/www.foderbord.se\/wp-content\/uploads\/2020\/03\/DSC_0389-1536x2048.jpg 1536w, https:\/\/www.foderbord.se\/wp-content\/uploads\/2020\/03\/DSC_0389-scaled.jpg 1920w\" sizes=\"auto, (max-width: 768px) 100vw, 768px\" \/><\/figure>\n\n\n\n<p>Ring 0768 177 310 f\u00f6r mer info och best\u00e4llning eller maila staffan.berggren@plastreparationsbolaget.se<\/p>\n","protected":false},"excerpt":{"rendered":"<p>Vi erbjuder ett foderbord d\u00e4r hela rundbalen placeras. Djuren ska inte kunna \u00e4ta direkt fr\u00e5n balen. De ska f\u00e5 foder efterhand som de \u00e4ter upp. Det bli inget spill. Foderbordet \u00e4r 2,5 m * 2,3 m och det f\u00e5r plats ca 30-40 tackor beroende p\u00e5 storlek och hur dr\u00e4ktiga de \u00e4r. H\u00f6gdr\u00e4kiga ska ha gott [&hellip;]<\/p>\n","protected":false},"author":1,"featured_media":0,"parent":0,"menu_order":0,"comment_status":"closed","ping_status":"closed","template":"","meta":{"footnotes":""},"class_list":["post-14","page","type-page","status-publish","hentry"],"_links":{"self":[{"href":"https:\/\/www.foderbord.se\/index.php?rest_route=\/wp\/v2\/pages\/14","targetHints":{"allow":["GET"]}}],"collection":[{"href":"https:\/\/www.foderbord.se\/index.php?rest_route=\/wp\/v2\/pages"}],"about":[{"href":"https:\/\/www.foderbord.se\/index.php?rest_route=\/wp\/v2\/types\/page"}],"author":[{"embeddable":true,"href":"https:\/\/www.foderbord.se\/index.php?rest_route=\/wp\/v2\/users\/1"}],"replies":[{"embeddable":true,"href":"https:\/\/www.foderbord.se\/index.php?rest_route=%2Fwp%2Fv2%2Fcomments&post=14"}],"version-history":[{"count":6,"href":"https:\/\/www.foderbord.se\/index.php?rest_route=\/wp\/v2\/pages\/14\/revisions"}],"predecessor-version":[{"id":38,"href":"https:\/\/www.foderbord.se\/index.php?rest_route=\/wp\/v2\/pages\/14\/revisions\/38"}],"wp:attachment":[{"href":"https:\/\/www.foderbord.se\/index.php?rest_route=%2Fwp%2Fv2%2Fmedia&parent=14"}],"curies":[{"name":"wp","href":"https:\/\/api.w.org\/{rel}","templated":true}]}}