{"id":2,"date":"2016-05-10T03:48:21","date_gmt":"2016-05-10T03:48:21","guid":{"rendered":"http:\/\/foderbord.se\/?page_id=2"},"modified":"2020-02-04T22:26:14","modified_gmt":"2020-02-04T21:26:14","slug":"sample-page","status":"publish","type":"page","link":"https:\/\/www.foderbord.se\/?page_id=2","title":{"rendered":"Om Erikstorp"},"content":{"rendered":"<p>K\u00f6pte 20 tackor 2009 som lite hobby. Sedan sp\u00e5rade det ur. V\u00e4rmlandsf\u00e5ren \u00e4r utm\u00e4rkta landskapsv\u00e5rdare.<\/p>\n","protected":false},"excerpt":{"rendered":"<p>K\u00f6pte 20 tackor 2009 som lite hobby. Sedan sp\u00e5rade det ur. V\u00e4rmlandsf\u00e5ren \u00e4r utm\u00e4rkta landskapsv\u00e5rdare.<\/p>\n","protected":false},"author":1,"featured_media":0,"parent":0,"menu_order":0,"comment_status":"closed","ping_status":"open","template":"","meta":{"footnotes":""},"class_list":["post-2","page","type-page","status-publish","hentry"],"_links":{"self":[{"href":"https:\/\/www.foderbord.se\/index.php?rest_route=\/wp\/v2\/pages\/2","targetHints":{"allow":["GET"]}}],"collection":[{"href":"https:\/\/www.foderbord.se\/index.php?rest_route=\/wp\/v2\/pages"}],"about":[{"href":"https:\/\/www.foderbord.se\/index.php?rest_route=\/wp\/v2\/types\/page"}],"author":[{"embeddable":true,"href":"https:\/\/www.foderbord.se\/index.php?rest_route=\/wp\/v2\/users\/1"}],"replies":[{"embeddable":true,"href":"https:\/\/www.foderbord.se\/index.php?rest_route=%2Fwp%2Fv2%2Fcomments&post=2"}],"version-history":[{"count":1,"href":"https:\/\/www.foderbord.se\/index.php?rest_route=\/wp\/v2\/pages\/2\/revisions"}],"predecessor-version":[{"id":19,"href":"https:\/\/www.foderbord.se\/index.php?rest_route=\/wp\/v2\/pages\/2\/revisions\/19"}],"wp:attachment":[{"href":"https:\/\/www.foderbord.se\/index.php?rest_route=%2Fwp%2Fv2%2Fmedia&parent=2"}],"curies":[{"name":"wp","href":"https:\/\/api.w.org\/{rel}","templated":true}]}}