{"id":31,"date":"2020-03-07T23:06:37","date_gmt":"2020-03-07T22:06:37","guid":{"rendered":"https:\/\/foderbord.se\/?page_id=31"},"modified":"2020-03-08T09:02:07","modified_gmt":"2020-03-08T08:02:07","slug":"tips-och-trix","status":"publish","type":"page","link":"https:\/\/www.foderbord.se\/?page_id=31","title":{"rendered":"Tips och Trix"},"content":{"rendered":"\n<p>Efter snart 10 \u00e5r med utveckling av olika prototyper s\u00e5 har\njag nu kommit fram med en f\u00e4rdig produkt f\u00f6r att utfodra f\u00e5ren med hel rundbal.<\/p>\n\n\n\n<p>Fr\u00e5n allra f\u00f6rsta b\u00f6rja s\u00e5 skaffade jag grejer d\u00e4r djuren\nskulle \u00e4ta direkt fr\u00e5n balen. L\u00e4t j\u00e4ttebra, \u00e4nda tills jag s\u00e5g hur mycket spill\ndet blev. <\/p>\n\n\n\n<p>F\u00f6rst och fr\u00e4mst handlade det om att minimera spillet. Och\ndet blir inget spill med en rundbalsbalja.<\/p>\n\n\n\n<p>D\u00e4refter s\u00e5 ville jag ha det l\u00e4ttarbetat och det lilla\njobbet jag l\u00e4gger ner ska g\u00e5 snabbt.<\/p>\n\n\n\n<p>Grovfodret kan man v\u00e4lja hur man vill ha det. Bl\u00f6tt ensilage\neller torrt h\u00f6. Korta eller l\u00e5nga str\u00e5. Grovt eller sp\u00e4tt. Allt funkar\nj\u00e4ttebra.<\/p>\n\n\n\n<p>Men, det \u00e4r att f\u00f6redra att ha mer bl\u00f6tt \u00e4n torrt f\u00f6r d\u00e5 \u00e4r\ndet mer l\u00e4tt tuggat, mindre rator.&nbsp; Fullt\nmed knivar i pressen s\u00e5 blir det mer l\u00e4ttjobbat. Med bl\u00f6tare s\u00e5 kan man l\u00e4gga\nner mer i taget s\u00e5 att man inte beh\u00f6ver fylla p\u00e5 s\u00e5 ofta.<\/p>\n\n\n\n<p>Den v\u00e4ger ca 175 kg. Den \u00e4r byggd s\u00e5 att den g\u00e5r att flytta\nmed l\u00e5nggafflar eller s\u00e5 g\u00e5r det att lyfta med stroppar. 1 person kan flytta\nrunt den och 2 pers flyttar runt den utan problem. Balen st\u00e5r p\u00e5 en upph\u00f6jning\ni mitten. Man st\u00e4ller in hela balen och spr\u00e4ttar upp plasten i\nrundbalsbaljan.&nbsp; <\/p>\n\n\n\n<p>Jag har alla dr\u00e4ktiga och tomma tackor samt alla\nrekryteringslamm i en flock med vindskydd ca 350 djur och d\u00e4r har jag 11 st\nrundbalsbaljor. D\u00e4r har jag 10 st ibland 11 st balar som jag st\u00e4ller dit och\n\u00f6ppnar varje fredagar. De f\u00e5r i princip fri tillg\u00e5ng men jag styr det lite s\u00e5\natt det \u00e4r tomt n\u00e4stkommande fredag. <\/p>\n\n\n\n<p>S\u00e5 varje fredag s\u00e5 st\u00e4dar jag ur rator och st\u00e4ller dit och\n\u00f6ppnar nya rundbalar och det tar ca 2 timmar. P\u00e5 l\u00f6rdag och s\u00f6ndag beh\u00f6ver jag\nf\u00f6r det mesta inte g\u00e5 dit alls och n\u00e5gon g\u00e5ng p\u00e5 m\u00e5ndagen s\u00e5 tar jag bort\nratorna och jag l\u00e4gger fram nytt foder.<\/p>\n\n\n\n<p>Anv\u00e4nder en g\u00f6dselgrep fr\u00e5n Karlstad med 4 st grepar och s\u00e5\nst\u00e5r jag utanf\u00f6r och drar ner fr\u00e5n balen fram till d\u00e4r djuren kommer \u00e5t.<\/p>\n\n\n\n<p>Sedan blir det ett bes\u00f6k per dag som tar ca timme med lite\ntillsyn av djuren. Om jag har br\u00e5ttom och rusar p\u00e5 lite och inte tar bort\nratorna s\u00e5 g\u00e5r det p\u00e5 ca en halvtimme. P\u00e5 torsdagen s\u00e5 blir det kanske ett par\nbes\u00f6k s\u00e5 att de f\u00e5r det sista p\u00e5 kv\u00e4llen s\u00e5 att de kan \u00e4ta upp under natten och\nfm f\u00f6r att sedan st\u00e4lla dit nya balar.<\/p>\n\n\n\n<p><\/p>\n","protected":false},"excerpt":{"rendered":"<p>Efter snart 10 \u00e5r med utveckling av olika prototyper s\u00e5 har jag nu kommit fram med en f\u00e4rdig produkt f\u00f6r att utfodra f\u00e5ren med hel rundbal. Fr\u00e5n allra f\u00f6rsta b\u00f6rja s\u00e5 skaffade jag grejer d\u00e4r djuren skulle \u00e4ta direkt fr\u00e5n balen. L\u00e4t j\u00e4ttebra, \u00e4nda tills jag s\u00e5g hur mycket spill det blev. F\u00f6rst och fr\u00e4mst [&hellip;]<\/p>\n","protected":false},"author":1,"featured_media":0,"parent":0,"menu_order":0,"comment_status":"closed","ping_status":"closed","template":"","meta":{"footnotes":""},"class_list":["post-31","page","type-page","status-publish","hentry"],"_links":{"self":[{"href":"https:\/\/www.foderbord.se\/index.php?rest_route=\/wp\/v2\/pages\/31","targetHints":{"allow":["GET"]}}],"collection":[{"href":"https:\/\/www.foderbord.se\/index.php?rest_route=\/wp\/v2\/pages"}],"about":[{"href":"https:\/\/www.foderbord.se\/index.php?rest_route=\/wp\/v2\/types\/page"}],"author":[{"embeddable":true,"href":"https:\/\/www.foderbord.se\/index.php?rest_route=\/wp\/v2\/users\/1"}],"replies":[{"embeddable":true,"href":"https:\/\/www.foderbord.se\/index.php?rest_route=%2Fwp%2Fv2%2Fcomments&post=31"}],"version-history":[{"count":3,"href":"https:\/\/www.foderbord.se\/index.php?rest_route=\/wp\/v2\/pages\/31\/revisions"}],"predecessor-version":[{"id":37,"href":"https:\/\/www.foderbord.se\/index.php?rest_route=\/wp\/v2\/pages\/31\/revisions\/37"}],"wp:attachment":[{"href":"https:\/\/www.foderbord.se\/index.php?rest_route=%2Fwp%2Fv2%2Fmedia&parent=31"}],"curies":[{"name":"wp","href":"https:\/\/api.w.org\/{rel}","templated":true}]}}